{"id":227,"date":"2022-01-26T10:54:01","date_gmt":"2022-01-26T09:54:01","guid":{"rendered":"https:\/\/aquaparcbefun.fr\/bons-cadeaux-macon\/?post_type=product&#038;p=227"},"modified":"2026-02-20T12:15:34","modified_gmt":"2026-02-20T11:15:34","slug":"pass-2h-x-trem-tower","status":"publish","type":"product","link":"https:\/\/aquaparcbefun.fr\/bons-cadeaux-macon\/produit\/pass-2h-x-trem-tower\/","title":{"rendered":"Pass 2h + X-TREM Tower"},"content":{"rendered":"","protected":false},"excerpt":{"rendered":"<p>Entr\u00e9es et sorties illimit\u00e9es pendant 2h, d\u00e9part toutes les heures<\/p>\n","protected":false},"author":1,"featured_media":0,"template":"","meta":[],"product_brand":[],"product_cat":[16],"product_tag":[],"class_list":{"0":"post-227","1":"product","2":"type-product","3":"status-publish","5":"product_cat-aquaparc","7":"first","8":"instock","9":"virtual","10":"taxable","11":"purchasable","12":"product-type-simple"},"yoast_head":"<!-- This site is optimized with the Yoast SEO plugin v27.0 - https:\/\/yoast.com\/product\/yoast-seo-wordpress\/ -->\n<title>Pass 2h + X-TREM Tower - Aquaparc M\u00e2con<\/title>\n<meta name=\"robots\" content=\"index, follow, max-snippet:-1, max-image-preview:large, max-video-preview:-1\" \/>\n<link rel=\"canonical\" href=\"https:\/\/aquaparcbefun.fr\/bons-cadeaux-macon\/produit\/pass-2h-x-trem-tower\/\" \/>\n<meta property=\"og:locale\" content=\"fr_FR\" \/>\n<meta property=\"og:type\" content=\"article\" \/>\n<meta property=\"og:title\" content=\"Pass 2h + X-TREM Tower - Aquaparc M\u00e2con\" \/>\n<meta property=\"og:description\" content=\"Entr\u00e9es et sorties illimit\u00e9es pendant 2h, d\u00e9part toutes les heures\" \/>\n<meta property=\"og:url\" content=\"https:\/\/aquaparcbefun.fr\/bons-cadeaux-macon\/produit\/pass-2h-x-trem-tower\/\" \/>\n<meta property=\"og:site_name\" content=\"Aquaparc M\u00e2con\" \/>\n<meta property=\"article:modified_time\" content=\"2026-02-20T11:15:34+00:00\" \/>\n<meta name=\"twitter:card\" content=\"summary_large_image\" \/>\n<script type=\"application\/ld+json\" class=\"yoast-schema-graph\">{\"@context\":\"https:\/\/schema.org\",\"@graph\":[{\"@type\":\"WebPage\",\"@id\":\"https:\/\/aquaparcbefun.fr\/bons-cadeaux-macon\/produit\/pass-2h-x-trem-tower\/\",\"url\":\"https:\/\/aquaparcbefun.fr\/bons-cadeaux-macon\/produit\/pass-2h-x-trem-tower\/\",\"name\":\"Pass 2h + X-TREM Tower - Aquaparc M\u00e2con\",\"isPartOf\":{\"@id\":\"https:\/\/aquaparcbefun.fr\/bons-cadeaux-macon\/#website\"},\"datePublished\":\"2022-01-26T09:54:01+00:00\",\"dateModified\":\"2026-02-20T11:15:34+00:00\",\"breadcrumb\":{\"@id\":\"https:\/\/aquaparcbefun.fr\/bons-cadeaux-macon\/produit\/pass-2h-x-trem-tower\/#breadcrumb\"},\"inLanguage\":\"fr-FR\",\"potentialAction\":[{\"@type\":\"ReadAction\",\"target\":[\"https:\/\/aquaparcbefun.fr\/bons-cadeaux-macon\/produit\/pass-2h-x-trem-tower\/\"]}]},{\"@type\":\"BreadcrumbList\",\"@id\":\"https:\/\/aquaparcbefun.fr\/bons-cadeaux-macon\/produit\/pass-2h-x-trem-tower\/#breadcrumb\",\"itemListElement\":[{\"@type\":\"ListItem\",\"position\":1,\"name\":\"Accueil\",\"item\":\"https:\/\/aquaparcbefun.fr\/bons-cadeaux-macon\/\"},{\"@type\":\"ListItem\",\"position\":2,\"name\":\"Boutique\",\"item\":\"https:\/\/aquaparcbefun.fr\/bons-cadeaux-macon\/?page_id=5\"},{\"@type\":\"ListItem\",\"position\":3,\"name\":\"Pass 2h + X-TREM Tower\"}]},{\"@type\":\"WebSite\",\"@id\":\"https:\/\/aquaparcbefun.fr\/bons-cadeaux-macon\/#website\",\"url\":\"https:\/\/aquaparcbefun.fr\/bons-cadeaux-macon\/\",\"name\":\"Aquaparc M\u00e2con\",\"description\":\"Un site utilisant Les sites de Aquaparcs BeFUN\",\"potentialAction\":[{\"@type\":\"SearchAction\",\"target\":{\"@type\":\"EntryPoint\",\"urlTemplate\":\"https:\/\/aquaparcbefun.fr\/bons-cadeaux-macon\/?s={search_term_string}\"},\"query-input\":{\"@type\":\"PropertyValueSpecification\",\"valueRequired\":true,\"valueName\":\"search_term_string\"}}],\"inLanguage\":\"fr-FR\"}]}<\/script>\n<!-- \/ Yoast SEO plugin. -->","yoast_head_json":{"title":"Pass 2h + X-TREM Tower - Aquaparc M\u00e2con","robots":{"index":"index","follow":"follow","max-snippet":"max-snippet:-1","max-image-preview":"max-image-preview:large","max-video-preview":"max-video-preview:-1"},"canonical":"https:\/\/aquaparcbefun.fr\/bons-cadeaux-macon\/produit\/pass-2h-x-trem-tower\/","og_locale":"fr_FR","og_type":"article","og_title":"Pass 2h + X-TREM Tower - Aquaparc M\u00e2con","og_description":"Entr\u00e9es et sorties illimit\u00e9es pendant 2h, d\u00e9part toutes les heures","og_url":"https:\/\/aquaparcbefun.fr\/bons-cadeaux-macon\/produit\/pass-2h-x-trem-tower\/","og_site_name":"Aquaparc M\u00e2con","article_modified_time":"2026-02-20T11:15:34+00:00","twitter_card":"summary_large_image","schema":{"@context":"https:\/\/schema.org","@graph":[{"@type":"WebPage","@id":"https:\/\/aquaparcbefun.fr\/bons-cadeaux-macon\/produit\/pass-2h-x-trem-tower\/","url":"https:\/\/aquaparcbefun.fr\/bons-cadeaux-macon\/produit\/pass-2h-x-trem-tower\/","name":"Pass 2h + X-TREM Tower - Aquaparc M\u00e2con","isPartOf":{"@id":"https:\/\/aquaparcbefun.fr\/bons-cadeaux-macon\/#website"},"datePublished":"2022-01-26T09:54:01+00:00","dateModified":"2026-02-20T11:15:34+00:00","breadcrumb":{"@id":"https:\/\/aquaparcbefun.fr\/bons-cadeaux-macon\/produit\/pass-2h-x-trem-tower\/#breadcrumb"},"inLanguage":"fr-FR","potentialAction":[{"@type":"ReadAction","target":["https:\/\/aquaparcbefun.fr\/bons-cadeaux-macon\/produit\/pass-2h-x-trem-tower\/"]}]},{"@type":"BreadcrumbList","@id":"https:\/\/aquaparcbefun.fr\/bons-cadeaux-macon\/produit\/pass-2h-x-trem-tower\/#breadcrumb","itemListElement":[{"@type":"ListItem","position":1,"name":"Accueil","item":"https:\/\/aquaparcbefun.fr\/bons-cadeaux-macon\/"},{"@type":"ListItem","position":2,"name":"Boutique","item":"https:\/\/aquaparcbefun.fr\/bons-cadeaux-macon\/?page_id=5"},{"@type":"ListItem","position":3,"name":"Pass 2h + X-TREM Tower"}]},{"@type":"WebSite","@id":"https:\/\/aquaparcbefun.fr\/bons-cadeaux-macon\/#website","url":"https:\/\/aquaparcbefun.fr\/bons-cadeaux-macon\/","name":"Aquaparc M\u00e2con","description":"Un site utilisant Les sites de Aquaparcs BeFUN","potentialAction":[{"@type":"SearchAction","target":{"@type":"EntryPoint","urlTemplate":"https:\/\/aquaparcbefun.fr\/bons-cadeaux-macon\/?s={search_term_string}"},"query-input":{"@type":"PropertyValueSpecification","valueRequired":true,"valueName":"search_term_string"}}],"inLanguage":"fr-FR"}]}},"_links":{"self":[{"href":"https:\/\/aquaparcbefun.fr\/bons-cadeaux-macon\/wp-json\/wp\/v2\/product\/227","targetHints":{"allow":["GET"]}}],"collection":[{"href":"https:\/\/aquaparcbefun.fr\/bons-cadeaux-macon\/wp-json\/wp\/v2\/product"}],"about":[{"href":"https:\/\/aquaparcbefun.fr\/bons-cadeaux-macon\/wp-json\/wp\/v2\/types\/product"}],"author":[{"embeddable":true,"href":"https:\/\/aquaparcbefun.fr\/bons-cadeaux-macon\/wp-json\/wp\/v2\/users\/1"}],"wp:attachment":[{"href":"https:\/\/aquaparcbefun.fr\/bons-cadeaux-macon\/wp-json\/wp\/v2\/media?parent=227"}],"wp:term":[{"taxonomy":"product_brand","embeddable":true,"href":"https:\/\/aquaparcbefun.fr\/bons-cadeaux-macon\/wp-json\/wp\/v2\/product_brand?post=227"},{"taxonomy":"product_cat","embeddable":true,"href":"https:\/\/aquaparcbefun.fr\/bons-cadeaux-macon\/wp-json\/wp\/v2\/product_cat?post=227"},{"taxonomy":"product_tag","embeddable":true,"href":"https:\/\/aquaparcbefun.fr\/bons-cadeaux-macon\/wp-json\/wp\/v2\/product_tag?post=227"}],"curies":[{"name":"wp","href":"https:\/\/api.w.org\/{rel}","templated":true}]}}